{"id":117750,"date":"2022-11-14T09:49:20","date_gmt":"2022-11-14T09:49:20","guid":{"rendered":"http:\/\/sarahvanderkraan.nl\/?page_id=117750"},"modified":"2026-02-19T20:40:28","modified_gmt":"2026-02-19T20:40:28","slug":"aanbod","status":"publish","type":"page","link":"https:\/\/sarahvanderkraan.nl\/en\/aanbod\/","title":{"rendered":"Aanbod"},"content":{"rendered":"<div data-parent=\"true\" class=\"vc_row style-color-165442-bg row-container\" id=\"row-unique-0\"><div class=\"row unequal col-half-gutter no-top-padding single-bottom-padding single-h-padding full-width row-parent\"><div class=\"wpb_row row-inner\"><div class=\"wpb_column pos-top pos-center align_left column_parent col-lg-5 single-internal-gutter\"><div class=\"uncol style-light\"  ><div class=\"uncoltable\"><div class=\"uncell double-block-padding\" ><div class=\"uncont\"><div class=\"uncode-single-media  text-left\"><div class=\"single-wrapper\" style=\"max-width: 100%;\"><div class=\"tmb tmb-light  tmb-shadowed tmb-shadowed-none tmb-img-ratio tmb-media-first tmb-media-last tmb-content-overlay tmb-no-bg\"><div class=\"t-inside\"><div class=\"t-entry-visual\"><div class=\"t-entry-visual-tc\"><div class=\"uncode-single-media-wrapper\"><div class=\"dummy\" style=\"padding-top: 125%;\"><\/div><img decoding=\"async\" class=\"wp-image-118049\" src=\"https:\/\/sarahvanderkraan.nl\/wp-content\/uploads\/2022\/11\/Sarah-van-der-Kraan-Interim-Secretaris-en-PA-19-uai-639x799.jpg\" width=\"639\" height=\"799\" alt=\"\"><\/div>\n\t\t\t\t\t<\/div>\n\t\t\t\t<\/div><\/div><\/div><\/div><\/div><div  class=\"vertical-text vertical-text--social vertical-text--left vertical-text--fixed vertical-text--shift-left vertical-text--shift-bottom vertical-text--bottom shift_x_single half-block-bottom-padding vertical-text--vis-hide-bottom\"><div class=\"social-icon\"><a href=\"http:\/\/info@sarahvanderkraan.nl\/en\/\" target=\"_blank\"><i class=\"fa fa-envelope3\"><\/i><\/a><\/div><div class=\"social-icon\"><a href=\"http:\/\/+31\" target=\"_blank\"><i class=\"fa fa-phone-handset\"><\/i><\/a><\/div><\/div><\/div><\/div><\/div><\/div><\/div><div class=\"wpb_column pos-middle pos-left align_left column_parent col-lg-7 no-internal-gutter\"><div class=\"uncol style-light animate_when_almost_visible alpha-anim\"  data-delay=\"200\" data-speed=\"1000\"><div class=\"uncoltable\"><div class=\"uncell double-block-padding\" ><div class=\"uncont\" style=\"max-width:756px;\"><div class=\"vc_custom_heading_wrap\"><div class=\"heading-text el-text\" ><h1 class=\"font-weight-300\" ><span>Interim: continu\u00efteit bij verlof, uitval of piekdrukte<\/span><\/h1><div><p><i>Vanaf 110 euro, exclusief btw en reiskosten.<\/i><\/p>\n<\/div><\/div><div class=\"clear\"><\/div><\/div><div class=\"empty-space empty-single\" ><span class=\"empty-space-inner\"><\/span><\/div>\n<div class=\"uncode_text_column\" ><p><span style=\"font-weight: 400;\">Je wilt dat het werk op het bestuurssecretariaat wordt gedaan. Ook als een collega met zwangerschapsverlof gaat, ziek is of een sabbatical neemt. En soms heb je gewoon extra handen nodig.<\/span><\/p>\n<p><span style=\"font-weight: 400;\"><strong>Als interimmer zorg ik voor continu\u00efteit.<\/strong> Vanaf dag \u00e9\u00e9n en met pit. Als een estafetteloopster die gaat sprinten, zodra ze het stokje heeft overgenomen. En die het stokje daarna vol vertrouwen doorgeeft.<\/span><\/p>\n<\/div><div class=\"empty-space empty-single\" ><span class=\"empty-space-inner\"><\/span><\/div>\n<div class=\"uncode-wrapper uncode-list\" >\n<ul class=\"icons\">\n<li><i class=\"fa fa-minus2 text-color-586978-color\"><\/i><span style=\"font-weight: 400;\">Ik ondersteun de CEO, het bestuur, de directie en projecten.<\/span><\/li>\n<li><i class=\"fa fa-minus2 text-color-586978-color\"><\/i><span style=\"font-weight: 400;\">Ik werk als executive assistant, (project)secretaris, adjunct secretaris, meewerkend voorvrouw of chief happiness officer. Op kantoor en op afstand.<\/span><\/li>\n<li><i class=\"fa fa-minus2 text-color-586978-color\"><\/i><span style=\"font-weight: 400;\">Ik denk als sidekick van het bestuur of de directie mee over thema\u2019s zoals HR, onboarding, interne communicatie en werkgeluk.<\/span><\/li>\n<li><i class=\"fa fa-minus2 text-color-586978-color\"><\/i><span style=\"font-weight: 400;\">Ik coach ondersteuners in hun werkgeluk en geef 1-op-1-supervisie.<\/span><\/li>\n<\/ul>\n<\/div><div class=\"empty-space empty-single\" ><span class=\"empty-space-inner\"><\/span><\/div>\n<span class=\"btn-container\" ><a href=\"http:\/\/sarahvanderkraan.nl\/en\/contact\/\" class=\"custom-link btn btn-sm border-width-0 btn-accent btn-icon-left\" title=\"Contact\">Laten we kennismaken<\/a><\/span><\/div><\/div><\/div><\/div><\/div><script id=\"script-row-unique-0\" data-row=\"script-row-unique-0\" type=\"text\/javascript\" class=\"vc_controls\">UNCODE.initRow(document.getElementById(\"row-unique-0\"));<\/script><\/div><\/div><\/div><div data-parent=\"true\" class=\"vc_row inverted-device-order style-color-116546-bg row-container\" id=\"row-unique-1\"><div class=\"row unequal col-half-gutter single-top-padding single-bottom-padding single-h-padding full-width row-parent\"><div class=\"wpb_row row-inner\"><div class=\"wpb_column pos-middle pos-left align_left column_parent col-lg-7 no-internal-gutter\"><div class=\"uncol style-light animate_when_almost_visible alpha-anim\"  data-delay=\"200\" data-speed=\"1000\"><div class=\"uncoltable\"><div class=\"uncell double-block-padding\" ><div class=\"uncont\" style=\"max-width:756px;\"><div class=\"vc_custom_heading_wrap\"><div class=\"heading-text el-text\" ><h1 class=\"font-weight-300\" ><span>Advies: een optimaal werkend secretariaat<\/span><\/h1><div><p><i>Prijs op aanvraag.<\/i><\/p>\n<\/div><\/div><div class=\"clear\"><\/div><\/div><div class=\"empty-space empty-single\" ><span class=\"empty-space-inner\"><\/span><\/div>\n<div class=\"uncode_text_column\" ><p><span style=\"font-weight: 400;\">Wil jij jouw secretariaat optimaal laten functioneren? Daarover adviseer ik je.<strong> Ik kijk naar hoe het proces nu loopt, waar verbetering past en hoe je die veranderingen kunt doorvoeren.<\/strong> Natuurlijk met oog voor het werkgeluk van je ondersteuners.\u00a0<\/span><\/p>\n<p><span style=\"font-weight: 400;\">Als je wilt, blijft het niet bij alleen een advies: graag implementeer ik het. <\/span><\/p>\n<\/div><div class=\"empty-space empty-single\" ><span class=\"empty-space-inner\"><\/span><\/div>\n<span class=\"btn-container\" ><a href=\"http:\/\/sarahvanderkraan.nl\/en\/contact\/\" class=\"custom-link btn btn-sm border-width-0 btn-accent btn-icon-left\" title=\"Contact\">Bespreken wat ik voor jou kan betekenen?<\/a><\/span><\/div><\/div><\/div><\/div><\/div><div class=\"wpb_column pos-top pos-center align_left column_parent col-lg-5 mobile-hidden single-internal-gutter\"><div class=\"uncol style-light\"  ><div class=\"uncoltable\"><div class=\"uncell double-block-padding\" ><div class=\"uncont\"><div class=\"uncode-single-media  mobile-hidden text-left\"><div class=\"single-wrapper\" style=\"max-width: 100%;\"><div class=\"uncode-single-media-wrapper single-advanced\"><div class=\"tmb tmb-light tmb-overlay-text-anim tmb-desaturated tmb-image-color-anim tmb-overlay-text-left  tmb-shadowed tmb-shadowed-none tmb-img-ratio tmb-media-first tmb-media-last tmb-content-overlay tmb-no-bg\" ><div class=\"t-inside\" ><div class=\"t-entry-visual\"><div class=\"t-entry-visual-tc\"><div class=\"t-entry-visual-cont\"><div class=\"dummy\" style=\"padding-top: 125%;\"><\/div><a tabindex=\"-1\" href=\"#\" class=\"inactive-link pushed\"><div class=\"t-entry-visual-overlay\"><div class=\"t-entry-visual-overlay-in style-dark-bg\" style=\"opacity: 0.01;\"><\/div><\/div><img decoding=\"async\" class=\"wp-image-118035\" src=\"https:\/\/sarahvanderkraan.nl\/wp-content\/uploads\/2022\/11\/Sarah-van-der-Kraan-Interim-Secretaris-en-PA-05-uai-900x1125.jpg\" width=\"900\" height=\"1125\" alt=\"\" \/><\/a><\/div>\n\t\t\t\t\t<\/div>\n\t\t\t\t<\/div><\/div><\/div><\/div><\/div><\/div><\/div><\/div><\/div><\/div><\/div><script id=\"script-row-unique-1\" data-row=\"script-row-unique-1\" type=\"text\/javascript\" class=\"vc_controls\">UNCODE.initRow(document.getElementById(\"row-unique-1\"));<\/script><\/div><\/div><\/div>","protected":false},"excerpt":{"rendered":"Interim: continu\u00efteit bij verlof, uitval of piekdrukteVanaf 110 euro, exclusief btw en reiskosten. Je wilt dat het werk op het [...]","protected":false},"author":1,"featured_media":0,"parent":0,"menu_order":0,"comment_status":"closed","ping_status":"closed","template":"","meta":{"footnotes":""},"class_list":["post-117750","page","type-page","status-publish","hentry"],"yoast_head":"<!-- This site is optimized with the Yoast SEO plugin v27.0 - https:\/\/yoast.com\/product\/yoast-seo-wordpress\/ -->\n<title>Aanbod - Sarah van der Kraan<\/title>\n<meta name=\"description\" content=\"Als interimmer zorg ik voor continu\u00efteit. Vanaf dag \u00e9\u00e9n en met pit. Als een estafetteloopster die gaat sprinten, zodra ze het stokje heeft overgenomen. En die het stokje daarna vol vertrouwen doorgeeft.\" \/>\n<meta name=\"robots\" content=\"index, follow, max-snippet:-1, max-image-preview:large, max-video-preview:-1\" \/>\n<link rel=\"canonical\" href=\"https:\/\/sarahvanderkraan.nl\/en\/aanbod\/\" \/>\n<meta property=\"og:locale\" content=\"en_US\" \/>\n<meta property=\"og:type\" content=\"article\" \/>\n<meta property=\"og:title\" content=\"Aanbod - Sarah van der Kraan\" \/>\n<meta property=\"og:description\" content=\"Als interimmer zorg ik voor continu\u00efteit. Vanaf dag \u00e9\u00e9n en met pit. Als een estafetteloopster die gaat sprinten, zodra ze het stokje heeft overgenomen. En die het stokje daarna vol vertrouwen doorgeeft.\" \/>\n<meta property=\"og:url\" content=\"https:\/\/sarahvanderkraan.nl\/en\/aanbod\/\" \/>\n<meta property=\"og:site_name\" content=\"Sarah van der Kraan\" \/>\n<meta property=\"article:modified_time\" content=\"2026-02-19T20:40:28+00:00\" \/>\n<meta name=\"twitter:card\" content=\"summary_large_image\" \/>\n<meta name=\"twitter:label1\" content=\"Est. reading time\" \/>\n\t<meta name=\"twitter:data1\" content=\"2 minutes\" \/>\n<script type=\"application\/ld+json\" class=\"yoast-schema-graph\">{\"@context\":\"https:\/\/schema.org\",\"@graph\":[{\"@type\":\"WebPage\",\"@id\":\"https:\/\/sarahvanderkraan.nl\/aanbod\/\",\"url\":\"https:\/\/sarahvanderkraan.nl\/aanbod\/\",\"name\":\"Aanbod - Sarah van der Kraan\",\"isPartOf\":{\"@id\":\"https:\/\/sarahvanderkraan.nl\/#website\"},\"datePublished\":\"2022-11-14T09:49:20+00:00\",\"dateModified\":\"2026-02-19T20:40:28+00:00\",\"description\":\"Als interimmer zorg ik voor continu\u00efteit. Vanaf dag \u00e9\u00e9n en met pit. Als een estafetteloopster die gaat sprinten, zodra ze het stokje heeft overgenomen. En die het stokje daarna vol vertrouwen doorgeeft.\",\"breadcrumb\":{\"@id\":\"https:\/\/sarahvanderkraan.nl\/aanbod\/#breadcrumb\"},\"inLanguage\":\"en-US\",\"potentialAction\":[{\"@type\":\"ReadAction\",\"target\":[\"https:\/\/sarahvanderkraan.nl\/aanbod\/\"]}]},{\"@type\":\"BreadcrumbList\",\"@id\":\"https:\/\/sarahvanderkraan.nl\/aanbod\/#breadcrumb\",\"itemListElement\":[{\"@type\":\"ListItem\",\"position\":1,\"name\":\"Home\",\"item\":\"https:\/\/sarahvanderkraan.nl\/\"},{\"@type\":\"ListItem\",\"position\":2,\"name\":\"Aanbod\"}]},{\"@type\":\"WebSite\",\"@id\":\"https:\/\/sarahvanderkraan.nl\/#website\",\"url\":\"https:\/\/sarahvanderkraan.nl\/\",\"name\":\"Sarah van der Kraan\",\"description\":\"Een secretaris met secretaresseskills\",\"potentialAction\":[{\"@type\":\"SearchAction\",\"target\":{\"@type\":\"EntryPoint\",\"urlTemplate\":\"https:\/\/sarahvanderkraan.nl\/?s={search_term_string}\"},\"query-input\":{\"@type\":\"PropertyValueSpecification\",\"valueRequired\":true,\"valueName\":\"search_term_string\"}}],\"inLanguage\":\"en-US\"}]}<\/script>\n<!-- \/ Yoast SEO plugin. -->","yoast_head_json":{"title":"Aanbod - Sarah van der Kraan","description":"Als interimmer zorg ik voor continu\u00efteit. Vanaf dag \u00e9\u00e9n en met pit. Als een estafetteloopster die gaat sprinten, zodra ze het stokje heeft overgenomen. En die het stokje daarna vol vertrouwen doorgeeft.","robots":{"index":"index","follow":"follow","max-snippet":"max-snippet:-1","max-image-preview":"max-image-preview:large","max-video-preview":"max-video-preview:-1"},"canonical":"https:\/\/sarahvanderkraan.nl\/en\/aanbod\/","og_locale":"en_US","og_type":"article","og_title":"Aanbod - Sarah van der Kraan","og_description":"Als interimmer zorg ik voor continu\u00efteit. Vanaf dag \u00e9\u00e9n en met pit. Als een estafetteloopster die gaat sprinten, zodra ze het stokje heeft overgenomen. En die het stokje daarna vol vertrouwen doorgeeft.","og_url":"https:\/\/sarahvanderkraan.nl\/en\/aanbod\/","og_site_name":"Sarah van der Kraan","article_modified_time":"2026-02-19T20:40:28+00:00","twitter_card":"summary_large_image","twitter_misc":{"Est. reading time":"2 minutes"},"schema":{"@context":"https:\/\/schema.org","@graph":[{"@type":"WebPage","@id":"https:\/\/sarahvanderkraan.nl\/aanbod\/","url":"https:\/\/sarahvanderkraan.nl\/aanbod\/","name":"Aanbod - Sarah van der Kraan","isPartOf":{"@id":"https:\/\/sarahvanderkraan.nl\/#website"},"datePublished":"2022-11-14T09:49:20+00:00","dateModified":"2026-02-19T20:40:28+00:00","description":"Als interimmer zorg ik voor continu\u00efteit. Vanaf dag \u00e9\u00e9n en met pit. Als een estafetteloopster die gaat sprinten, zodra ze het stokje heeft overgenomen. En die het stokje daarna vol vertrouwen doorgeeft.","breadcrumb":{"@id":"https:\/\/sarahvanderkraan.nl\/aanbod\/#breadcrumb"},"inLanguage":"en-US","potentialAction":[{"@type":"ReadAction","target":["https:\/\/sarahvanderkraan.nl\/aanbod\/"]}]},{"@type":"BreadcrumbList","@id":"https:\/\/sarahvanderkraan.nl\/aanbod\/#breadcrumb","itemListElement":[{"@type":"ListItem","position":1,"name":"Home","item":"https:\/\/sarahvanderkraan.nl\/"},{"@type":"ListItem","position":2,"name":"Aanbod"}]},{"@type":"WebSite","@id":"https:\/\/sarahvanderkraan.nl\/#website","url":"https:\/\/sarahvanderkraan.nl\/","name":"Sarah van der Kraan","description":"Een secretaris met secretaresseskills","potentialAction":[{"@type":"SearchAction","target":{"@type":"EntryPoint","urlTemplate":"https:\/\/sarahvanderkraan.nl\/?s={search_term_string}"},"query-input":{"@type":"PropertyValueSpecification","valueRequired":true,"valueName":"search_term_string"}}],"inLanguage":"en-US"}]}},"_links":{"self":[{"href":"https:\/\/sarahvanderkraan.nl\/en\/wp-json\/wp\/v2\/pages\/117750","targetHints":{"allow":["GET"]}}],"collection":[{"href":"https:\/\/sarahvanderkraan.nl\/en\/wp-json\/wp\/v2\/pages"}],"about":[{"href":"https:\/\/sarahvanderkraan.nl\/en\/wp-json\/wp\/v2\/types\/page"}],"author":[{"embeddable":true,"href":"https:\/\/sarahvanderkraan.nl\/en\/wp-json\/wp\/v2\/users\/1"}],"replies":[{"embeddable":true,"href":"https:\/\/sarahvanderkraan.nl\/en\/wp-json\/wp\/v2\/comments?post=117750"}],"version-history":[{"count":25,"href":"https:\/\/sarahvanderkraan.nl\/en\/wp-json\/wp\/v2\/pages\/117750\/revisions"}],"predecessor-version":[{"id":118530,"href":"https:\/\/sarahvanderkraan.nl\/en\/wp-json\/wp\/v2\/pages\/117750\/revisions\/118530"}],"wp:attachment":[{"href":"https:\/\/sarahvanderkraan.nl\/en\/wp-json\/wp\/v2\/media?parent=117750"}],"curies":[{"name":"wp","href":"https:\/\/api.w.org\/{rel}","templated":true}]}}